{"id":4934,"date":"2021-05-24T13:17:31","date_gmt":"2021-05-24T10:17:31","guid":{"rendered":"https:\/\/www.grantinicamp.lv\/?page_id=4934"},"modified":"2021-06-17T13:58:06","modified_gmt":"2021-06-17T10:58:06","slug":"naksnosanas-noteikumi","status":"publish","type":"page","link":"https:\/\/www.grantinicamp.lv\/lv\/naksnosanas-noteikumi\/","title":{"rendered":"Nak\u0161\u0146o\u0161anas un rezerv\u0113\u0161anas noteikumi"},"content":{"rendered":"\t\t<div data-elementor-type=\"wp-page\" data-elementor-id=\"4934\" class=\"elementor elementor-4934\" data-elementor-post-type=\"page\">\n\t\t\t\t\t\t<section class=\"elementor-section elementor-top-section elementor-element elementor-element-4f7853e6 elementor-section-boxed elementor-section-height-default elementor-section-height-default\" data-id=\"4f7853e6\" data-element_type=\"section\">\n\t\t\t\t\t\t<div class=\"elementor-container elementor-column-gap-default\">\n\t\t\t\t\t<div class=\"elementor-column elementor-col-100 elementor-top-column elementor-element elementor-element-31a3f2ff\" data-id=\"31a3f2ff\" data-element_type=\"column\">\n\t\t\t<div class=\"elementor-widget-wrap elementor-element-populated\">\n\t\t\t\t\t\t<div class=\"elementor-element elementor-element-2e2eecc elementor-widget elementor-widget-text-editor\" data-id=\"2e2eecc\" data-element_type=\"widget\" data-widget_type=\"text-editor.default\">\n\t\t\t\t<div class=\"elementor-widget-container\">\n\t\t\t\t\t\t\t<h1 style=\"text-align: center;\">Atp\u016btas kompleksa \u201cGranti\u0146i\u201d nak\u0161\u0146o\u0161anas noteikumi<\/h1><ol><li>Iebrauk\u0161anas laiks no plkst. 15:00 \u2013 plkst. 20:00 Izbrauk\u0161anas laiks l\u012bdz plkst. 12:00;<\/li><li>Rezerv\u0113jot naktsm\u012btni m\u0101jas lap\u0101 vai sazinoties ar mums ir j\u0101iemaks\u0101 avansa maks\u0101jums 100% apm\u0113r\u0101;<\/li><li>Avansa maks\u0101jums netiek atgriezts ja rezerv\u0101cija tiek atcelta. Atce\u013cot rezerv\u0101ciju minimums vienu ned\u0113\u013cu pirms iebrauk\u0161anas dienas avansa maks\u0101jums paliek sp\u0113k\u0101 un tiek pied\u0101v\u0101ts cits rezerv\u0101cijas datums.<\/li><li>Ja klientam pieejama atlaide t\u0101 j\u0101re\u0123istr\u0113 vai j\u0101uzr\u0101da uz vietas pirms maks\u0101juma veik\u0161anas;<\/li><li>Pavadot virs 5 nakt\u012bm tiek piem\u0113rota 15% atlaide par katru n\u0101kamo nakti. Atlaides nesumm\u0113j\u0101s ar cit\u0101m atlaid\u0113m;<\/li><li>P\u0113c plkst. 12:00 tiek piem\u0113rota papildu samaksa 20,00 Eur\/h. P\u0113c plkst. 18:00 tiek piem\u0113rota pilna summa par nak\u0161\u0146o\u0161anas telp\u0101m. Lojalit\u0101tes kartes atlaide par katru n\u0101kamo h netiek \u0146emta v\u0113r\u0101;<\/li><li>Ja klients v\u0113las pagarin\u0101t nak\u0161\u0146o\u0161anas atp\u016btu j\u0101sazin\u0101s ar administr\u0101ciju par pieejam\u012bbu;<\/li><li>Ja viesis izv\u0113las pamest naktsm\u012btni agr\u0101k par noteikto laiku, nauda par neizmantoto laiku netiek atgriezta;<\/li><li>Nak\u0161\u0146o\u0161anas telpas tiek dotas nom\u0101 tikai person\u0101m, kas sasniegu\u0161as 18. gadu vecumu. Apmaksu var veikt tikai personas, kas sasniegu\u0161as 18. gadu vecumu. Nepilngad\u012bg\u0101s personas j\u0101pieskata vec\u0101kiem vai aizg\u0101d\u0146iem.<\/li><li>Ja rezerv\u0101cija tiek veikta booking.com vai airbnb.lv r\u016bp\u012bgi iepaz\u012bties ar maks\u0101\u0161anas k\u0101rt\u012bbu, cenu politiku un cit\u0101m nians\u0113m, kas saist\u012btas ar apmaksu un naudas atgrie\u0161anu neiebrauk\u0161anas gad\u012bjum\u0101. Papildus atlaides ab\u0101m interneta vietn\u0113m netiek pied\u0101v\u0101tas.<\/li><li>Viesim pien\u0101kums inform\u0113t administr\u0101cijas darbinieku par izbrauk\u0161anas laiku;<\/li><li>Naktsm\u012btn\u0113 dr\u012bkst atrasties tikai re\u0123istr\u0113t\u0101s personas, kas paliek pa nakti ne vair\u0101k par pie\u013caujamo gultas vietu skaitu;<\/li><li>Viesi, kas nav re\u0123istr\u0113ti naktsm\u012btn\u0113 dr\u012bkst atbraukt ciemos. Papildus samaksa par katru personu 2,00 Eur un 2,00 Eur par katru automa\u0161\u012bnu. Maksim\u0101li l\u012bdz 10 person\u0101m. Viesi dr\u012bkst uztur\u0113ties l\u012bdz plkst.21:00. Viesi tiek re\u0123istr\u0113ti;<\/li><li>Viesn\u012bc\u0101 un kempingu m\u0101ji\u0146u apmekl\u0113t\u0101jiem koplieto\u0161anas telpas aiz sevis j\u0101uztur k\u0101rt\u012bb\u0101;<\/li><li>Aizliegts novietot pirti, kublu un citas relaks\u0113jo\u0161\u0101s ekstras bez at\u013caujas un saska\u0146o\u0161anas;<\/li><li>Par papildu gultu, segu, spilvenu un gultas ve\u013cu l\u016bgt l\u012bdz iebrauk\u0161anas dienai;<\/li><li>Atsl\u0113gas nozaud\u0113\u0161anas gad\u012bjum\u0101 viesis maks\u0101 soda naudu 30,00 Eur apm\u0113r\u0101;<\/li><li>Sm\u0113\u0137\u0113\u0161ana telp\u0101s kategoriski aizliegta. Par neiev\u0113ro\u0161anu tiek piem\u0113rota soda nauda 100,00 Eur apm\u0113r\u0101.<\/li><li>Viesis ap\u0146emas iev\u0113rot nakts mieru p\u0113c plkst.23:00;<\/li><li>Atkritumus izmest tiem paredz\u0113taj\u0101s viet\u0101s;<\/li><li>Ar m\u0101jdz\u012bvniekiem dr\u012bkst uztur\u0113ties tikai kempinga un br\u012bvdienu m\u0101j\u0101s. Papildus summa par dz\u012bvnieku 10,00 Eur. Aiz sava m\u012blu\u013ca ir j\u0101sav\u0101c izk\u0101rn\u012bjumi. Dz\u012bvniekam j\u0101b\u016bt pavad\u0101. J\u0101uz\u0146emas pilna atbild\u012bba ja tiek saboj\u0101tas m\u0113beles u.c. piedero\u0161\u0101s SIA \u201cGrantiniCamp\u201d lietas;<\/li><li>Aizliegts trok\u0161\u0146ot, sl\u0113gt ska\u013cu m\u016bziku vai k\u0101 cit\u0101di ar neadekv\u0101tu uzved\u012bbu trauc\u0113t citu viesu mieru. Person\u0101ls var viesi l\u016bgt pamest atp\u016btas vietu vai izlemt v\u0113rsties policij\u0101. L\u016bdzu cien\u012bsim savus kaimi\u0146us!<\/li><li>Ja rodas jaut\u0101jumi par elektroier\u012bc\u0113m l\u016bgums iebrauk\u0161anas br\u012bd\u012b pal\u016bgt inform\u0101ciju darbiniekiem;<\/li><li>Bez nepiecie\u0161am\u012bbas aizliegts izlietot ugunsdz\u0113s\u012bbas apar\u0101tus un ugunsdz\u0113s\u012bbas p\u0101rkl\u0101ju. Par \u0161\u0101du r\u012bc\u012bbu viesi tiks saukti pie atbild\u012bbas;<\/li><li>Ja ir nepiecie\u0161ama aptieci\u0146a to var pal\u016bgt administr\u0101cijas darbiniekam;<\/li><li>Nepie\u013caut ugunskura izcel\u0161anos vai darb\u012bbas, kas var novest pie ugunskura (sm\u0113\u0137\u0113t telp\u0101s, lietot\/atst\u0101t telp\u0101s atkl\u0101tu uguni,dedzin\u0101t sveces vai lietot boj\u0101tas elektroier\u012bces u.c.) Grilu teras\u0113 kurin\u0101t aizliegts, k\u0101 ar\u012b sm\u0113\u0137\u0113t;<\/li><li>Par ugunsgr\u0113ku OBLIG\u0100TI zi\u0146ot \u2013 112. K\u0101 ar\u012b inform\u0113t atbild\u012bgo personu pa t\u0101lruni: +371 25713333<\/li><li>Saudz\u012bgi iztur\u0113ties pret m\u0113bel\u0113m, invent\u0101ru, apr\u012bkojumu, elektroier\u012bc\u0113m u.c., mant\u0101m, kas atrodas telp\u0101s;<\/li><li><p style=\"text-align: left;\">Uz\u0146emties pilnu materi\u0101lo atbild\u012bbu par SIA invent\u0101ra boj\u0101jumiem, kas notiku\u0161i Klienta un no vi\u0146a atkar\u012bgo tre\u0161o personu vainas un\/vai neuzman\u012bbas d\u0113\u013c, (dz\u012bvniekus ieskaitot) iev\u0113rot ugunsdro\u0161\u012bbas pras\u012bbas, iek\u0161\u0113j\u0101s k\u0101rt\u012bbas noteikumus un teritorijas noteikumus. Ja ir radu\u0161ies SIA invent\u0101ra boj\u0101jumi atl\u012bdzin\u0101t zaud\u0113jumus 3 (tr\u012bs) darba dienu laik\u0101 p\u0113c SIA sast\u0101d\u012bta boj\u0101jumu akta un piest\u0101d\u012bta r\u0113\u0137ina Klientam.<\/p><\/li><\/ol><p style=\"text-align: right;\">SIA \u201cGrantiniCamp\u201d<br \/>Jelgavas nov., Sv\u0113tes pag., \u201cGranti\u0146i 1\u201d<\/p><p style=\"text-align: right;\">Re\u0123.Nr. 40003706302<br \/>T\u0101lrunis: +371 28602267,<br \/>e-pasts: info@grantinicamp.lv<\/p>\t\t\t\t\t\t<\/div>\n\t\t\t\t<\/div>\n\t\t\t\t\t<\/div>\n\t\t<\/div>\n\t\t\t\t\t<\/div>\n\t\t<\/section>\n\t\t\t\t<\/div>\n\t\t","protected":false},"excerpt":{"rendered":"<p>Atp\u016btas kompleksa \u201cGranti\u0146i\u201d nak\u0161\u0146o\u0161anas noteikumi Iebrauk\u0161anas laiks no plkst. 15:00 \u2013 plkst. 20:00 Izbrauk\u0161anas laiks l\u012bdz plkst. 12:00; Rezerv\u0113jot naktsm\u012btni m\u0101jas lap\u0101 vai sazinoties ar mums ir j\u0101iemaks\u0101 avansa maks\u0101jums 100% apm\u0113r\u0101; Avansa maks\u0101jums netiek atgriezts ja rezerv\u0101cija tiek atcelta. Atce\u013cot rezerv\u0101ciju minimums vienu ned\u0113\u013cu pirms iebrauk\u0161anas dienas avansa maks\u0101jums paliek sp\u0113k\u0101 un tiek pied\u0101v\u0101ts [&hellip;]<\/p>\n","protected":false},"author":1,"featured_media":0,"parent":0,"menu_order":0,"comment_status":"closed","ping_status":"closed","template":"","meta":[],"yoast_head":"<!-- This site is optimized with the Yoast SEO plugin v20.2.1 - https:\/\/yoast.com\/wordpress\/plugins\/seo\/ -->\n<title>Nak\u0161\u0146o\u0161anas un rezerv\u0113\u0161anas noteikumi<\/title>\n<meta name=\"description\" content=\"Iebrauk\u0161anas laiks no plkst. 15:00 \u2013 plkst. 20:00 Izbrauk\u0161anas laiks l\u012bdz plkst. 12:00; Rezerv\u0113jot naktsm\u012btni ir j\u0101iemaks\u0101 avansa maks\u0101jums\" \/>\n<meta name=\"robots\" content=\"index, follow, max-snippet:-1, max-image-preview:large, max-video-preview:-1\" \/>\n<link rel=\"canonical\" href=\"https:\/\/www.grantinicamp.lv\/lv\/naksnosanas-noteikumi\/\" \/>\n<meta property=\"og:locale\" content=\"lv_LV\" \/>\n<meta property=\"og:type\" content=\"article\" \/>\n<meta property=\"og:title\" content=\"Nak\u0161\u0146o\u0161anas un rezerv\u0113\u0161anas noteikumi\" \/>\n<meta property=\"og:description\" content=\"Iebrauk\u0161anas laiks no plkst. 15:00 \u2013 plkst. 20:00 Izbrauk\u0161anas laiks l\u012bdz plkst. 12:00; Rezerv\u0113jot naktsm\u012btni ir j\u0101iemaks\u0101 avansa maks\u0101jums\" \/>\n<meta property=\"og:url\" content=\"https:\/\/www.grantinicamp.lv\/lv\/naksnosanas-noteikumi\/\" \/>\n<meta property=\"article:modified_time\" content=\"2021-06-17T10:58:06+00:00\" \/>\n<meta name=\"twitter:card\" content=\"summary_large_image\" \/>\n<meta name=\"twitter:label1\" content=\"Est. reading time\" \/>\n\t<meta name=\"twitter:data1\" content=\"3 minutes\" \/>\n<script type=\"application\/ld+json\" class=\"yoast-schema-graph\">{\"@context\":\"https:\/\/schema.org\",\"@graph\":[{\"@type\":\"WebPage\",\"@id\":\"https:\/\/www.grantinicamp.lv\/lv\/naksnosanas-noteikumi\/\",\"url\":\"https:\/\/www.grantinicamp.lv\/lv\/naksnosanas-noteikumi\/\",\"name\":\"Nak\u0161\u0146o\u0161anas un rezerv\u0113\u0161anas noteikumi\",\"isPartOf\":{\"@id\":\"https:\/\/www.grantinicamp.lv\/#website\"},\"datePublished\":\"2021-05-24T10:17:31+00:00\",\"dateModified\":\"2021-06-17T10:58:06+00:00\",\"description\":\"Iebrauk\u0161anas laiks no plkst. 15:00 \u2013 plkst. 20:00 Izbrauk\u0161anas laiks l\u012bdz plkst. 12:00; Rezerv\u0113jot naktsm\u012btni ir j\u0101iemaks\u0101 avansa maks\u0101jums\",\"breadcrumb\":{\"@id\":\"https:\/\/www.grantinicamp.lv\/lv\/naksnosanas-noteikumi\/#breadcrumb\"},\"inLanguage\":\"lv-LV\",\"potentialAction\":[{\"@type\":\"ReadAction\",\"target\":[\"https:\/\/www.grantinicamp.lv\/lv\/naksnosanas-noteikumi\/\"]}]},{\"@type\":\"BreadcrumbList\",\"@id\":\"https:\/\/www.grantinicamp.lv\/lv\/naksnosanas-noteikumi\/#breadcrumb\",\"itemListElement\":[{\"@type\":\"ListItem\",\"position\":1,\"name\":\"Home\",\"item\":\"https:\/\/www.grantinicamp.lv\/lv\/\"},{\"@type\":\"ListItem\",\"position\":2,\"name\":\"Nak\u0161\u0146o\u0161anas un rezerv\u0113\u0161anas noteikumi\"}]},{\"@type\":\"WebSite\",\"@id\":\"https:\/\/www.grantinicamp.lv\/#website\",\"url\":\"https:\/\/www.grantinicamp.lv\/\",\"name\":\"\",\"description\":\"Atp\u016btas kompleks un restor\u0101ns\",\"potentialAction\":[{\"@type\":\"SearchAction\",\"target\":{\"@type\":\"EntryPoint\",\"urlTemplate\":\"https:\/\/www.grantinicamp.lv\/?s={search_term_string}\"},\"query-input\":\"required name=search_term_string\"}],\"inLanguage\":\"lv-LV\"}]}<\/script>\n<!-- \/ Yoast SEO plugin. -->","yoast_head_json":{"title":"Nak\u0161\u0146o\u0161anas un rezerv\u0113\u0161anas noteikumi","description":"Iebrauk\u0161anas laiks no plkst. 15:00 \u2013 plkst. 20:00 Izbrauk\u0161anas laiks l\u012bdz plkst. 12:00; Rezerv\u0113jot naktsm\u012btni ir j\u0101iemaks\u0101 avansa maks\u0101jums","robots":{"index":"index","follow":"follow","max-snippet":"max-snippet:-1","max-image-preview":"max-image-preview:large","max-video-preview":"max-video-preview:-1"},"canonical":"https:\/\/www.grantinicamp.lv\/lv\/naksnosanas-noteikumi\/","og_locale":"lv_LV","og_type":"article","og_title":"Nak\u0161\u0146o\u0161anas un rezerv\u0113\u0161anas noteikumi","og_description":"Iebrauk\u0161anas laiks no plkst. 15:00 \u2013 plkst. 20:00 Izbrauk\u0161anas laiks l\u012bdz plkst. 12:00; Rezerv\u0113jot naktsm\u012btni ir j\u0101iemaks\u0101 avansa maks\u0101jums","og_url":"https:\/\/www.grantinicamp.lv\/lv\/naksnosanas-noteikumi\/","article_modified_time":"2021-06-17T10:58:06+00:00","twitter_card":"summary_large_image","twitter_misc":{"Est. reading time":"3 minutes"},"schema":{"@context":"https:\/\/schema.org","@graph":[{"@type":"WebPage","@id":"https:\/\/www.grantinicamp.lv\/lv\/naksnosanas-noteikumi\/","url":"https:\/\/www.grantinicamp.lv\/lv\/naksnosanas-noteikumi\/","name":"Nak\u0161\u0146o\u0161anas un rezerv\u0113\u0161anas noteikumi","isPartOf":{"@id":"https:\/\/www.grantinicamp.lv\/#website"},"datePublished":"2021-05-24T10:17:31+00:00","dateModified":"2021-06-17T10:58:06+00:00","description":"Iebrauk\u0161anas laiks no plkst. 15:00 \u2013 plkst. 20:00 Izbrauk\u0161anas laiks l\u012bdz plkst. 12:00; Rezerv\u0113jot naktsm\u012btni ir j\u0101iemaks\u0101 avansa maks\u0101jums","breadcrumb":{"@id":"https:\/\/www.grantinicamp.lv\/lv\/naksnosanas-noteikumi\/#breadcrumb"},"inLanguage":"lv-LV","potentialAction":[{"@type":"ReadAction","target":["https:\/\/www.grantinicamp.lv\/lv\/naksnosanas-noteikumi\/"]}]},{"@type":"BreadcrumbList","@id":"https:\/\/www.grantinicamp.lv\/lv\/naksnosanas-noteikumi\/#breadcrumb","itemListElement":[{"@type":"ListItem","position":1,"name":"Home","item":"https:\/\/www.grantinicamp.lv\/lv\/"},{"@type":"ListItem","position":2,"name":"Nak\u0161\u0146o\u0161anas un rezerv\u0113\u0161anas noteikumi"}]},{"@type":"WebSite","@id":"https:\/\/www.grantinicamp.lv\/#website","url":"https:\/\/www.grantinicamp.lv\/","name":"","description":"Atp\u016btas kompleks un restor\u0101ns","potentialAction":[{"@type":"SearchAction","target":{"@type":"EntryPoint","urlTemplate":"https:\/\/www.grantinicamp.lv\/?s={search_term_string}"},"query-input":"required name=search_term_string"}],"inLanguage":"lv-LV"}]}},"_links":{"self":[{"href":"https:\/\/www.grantinicamp.lv\/lv\/wp-json\/wp\/v2\/pages\/4934"}],"collection":[{"href":"https:\/\/www.grantinicamp.lv\/lv\/wp-json\/wp\/v2\/pages"}],"about":[{"href":"https:\/\/www.grantinicamp.lv\/lv\/wp-json\/wp\/v2\/types\/page"}],"author":[{"embeddable":true,"href":"https:\/\/www.grantinicamp.lv\/lv\/wp-json\/wp\/v2\/users\/1"}],"replies":[{"embeddable":true,"href":"https:\/\/www.grantinicamp.lv\/lv\/wp-json\/wp\/v2\/comments?post=4934"}],"version-history":[{"count":19,"href":"https:\/\/www.grantinicamp.lv\/lv\/wp-json\/wp\/v2\/pages\/4934\/revisions"}],"predecessor-version":[{"id":6880,"href":"https:\/\/www.grantinicamp.lv\/lv\/wp-json\/wp\/v2\/pages\/4934\/revisions\/6880"}],"wp:attachment":[{"href":"https:\/\/www.grantinicamp.lv\/lv\/wp-json\/wp\/v2\/media?parent=4934"}],"curies":[{"name":"wp","href":"https:\/\/api.w.org\/{rel}","templated":true}]}}