{"id":4939,"date":"2021-05-24T13:19:44","date_gmt":"2021-05-24T10:19:44","guid":{"rendered":"https:\/\/www.grantinicamp.lv\/?page_id=4939"},"modified":"2021-06-17T15:37:18","modified_gmt":"2021-06-17T12:37:18","slug":"privatuma-politika","status":"publish","type":"page","link":"https:\/\/www.grantinicamp.lv\/lv\/privatuma-politika\/","title":{"rendered":"Priv\u0101tuma politika"},"content":{"rendered":"\t\t<div data-elementor-type=\"wp-page\" data-elementor-id=\"4939\" class=\"elementor elementor-4939\" data-elementor-post-type=\"page\">\n\t\t\t\t\t\t<section class=\"elementor-section elementor-top-section elementor-element elementor-element-64b4ce85 elementor-section-full_width elementor-section-height-default elementor-section-height-default\" data-id=\"64b4ce85\" data-element_type=\"section\">\n\t\t\t\t\t\t<div class=\"elementor-container elementor-column-gap-default\">\n\t\t\t\t\t<div class=\"elementor-column elementor-col-100 elementor-top-column elementor-element elementor-element-739a5033\" data-id=\"739a5033\" data-element_type=\"column\">\n\t\t\t<div class=\"elementor-widget-wrap elementor-element-populated\">\n\t\t\t\t\t\t<div class=\"elementor-element elementor-element-301e1407 elementor-widget elementor-widget-text-editor\" data-id=\"301e1407\" data-element_type=\"widget\" data-widget_type=\"text-editor.default\">\n\t\t\t\t<div class=\"elementor-widget-container\">\n\t\t\t\t\t\t\t<h2 class=\"western\">Viesn\u012bcas Granti\u0146i priv\u0101tuma politika<\/h2>\n<h3 class=\"western\">Kas M\u0113s esam?<\/h3>\n<p>Sabiedr\u012bba ar ierobe\u017eotu atbild\u012bbu \u2019\u2019<span style=\"font-size: medium;\">GrantiniCamp<\/span>\u2019\u2019, re\u0123istr\u0101cijas numurs: <span style=\"font-size: medium;\">40003706302<\/span>, , juridisk\u0101 adrese: <span style=\"font-size: medium;\">Jelgavas nov., Sv\u0113tes pag., \u201cGranti\u0146i 1\u201d<\/span><\/p>\n<h3 class=\"western\">J\u016bsu priv\u0101tums un uztic\u012bba Mums ir svar\u012bga<\/h3>\n<p>M\u016bsu m\u0113r\u0137is ir p\u0113c iesp\u0113jas skaidr\u0101k un saprotam\u0101k inform\u0113t J\u016bs par to, k\u0101 un k\u0101p\u0113c M\u0113s izmantojam J\u016bsu personisko inform\u0101ciju.<\/p>\n<p>M\u016bsu m\u0113r\u0137is ir likt Jums justies dro\u0161i, izpau\u017eot Mums savus personas datus. Personas dati ir jebk\u0101da inform\u0101cija, kas var tikt izmantota, lai identific\u0113tu indiv\u012bdu.<\/p>\n<p>M\u0113s veicam atbilsto\u0161us pas\u0101kumus, lai nodro\u0161in\u0101tu, ka J\u016bsu personas dati pie Mums vienm\u0113r ir dro\u0161\u012bb\u0101 un lai J\u016bsu personas datu apstr\u0101de notiktu atbilsto\u0161i sp\u0113k\u0101 eso\u0161ajiem datu aizsardz\u012bbas ties\u012bbu aktiem, m\u016bsu iek\u0161\u0113j\u0101m k\u0101rt\u012bb\u0101m.<\/p>\n<p>Mums ir svar\u012bgi b\u016bt caurskat\u0101miem, apstr\u0101d\u0101jot J\u016bsu personas datus.<\/p>\n<p>M\u0113s esam ap\u0146\u0113mu\u0161ies aizsarg\u0101t J\u016bsu personisko inform\u0101ciju un iev\u0113rot konfidencialit\u0101ti visur, ko m\u0113s dar\u0101m. \u0160\u012b politika \u013cauj Jums uzzin\u0101t, k\u0101dus datus M\u0113s varam ieg\u016bt par jums, k\u0101 M\u0113s tos izmantosim, un sniegs inform\u0101ciju par J\u016bsu ties\u012bb\u0101m un to, k\u0101 J\u016bs ar Mums varat sazin\u0101ties.<\/p>\n<p>Da\u017ereiz mums ir j\u0101maina M\u016bsu Priv\u0101tuma politika. \u0160aj\u0101 vietn\u0113 tiks public\u0113tas visas izmai\u0146as, kuras, protams, ir pieejamas Jums jebkur\u0101 laik\u0101.<\/p>\n<h3 class=\"western\">K\u0101du kategoriju personas datus M\u0113s iev\u0101cam un k\u0101d\u0113\u013c?<\/h3>\n<h4 class=\"western\">Viesn\u012bcas pakalpojumu snieg\u0161ana<\/h4>\n<p>M\u0113s apstr\u0101d\u0101jam J\u016bsu personas datus, lai nodro\u0161in\u0101tu Jums viesn\u012bcas pakalpojumus, tai skait\u0101 naktsm\u012btnes nodro\u0161in\u0101\u0161anu. Ja J\u016bs nesniegsiet nepiecie\u0161amos personas datus, J\u016bs nevar\u0113siet sa\u0146emt M\u016bsu pakalpojumus. Mums ir saisto\u0161i likumos noteiktie viesn\u012bcu pien\u0101kumi, tai skait\u0101 pien\u0101kums identific\u0113t savu klientu, proti, Mums ir pien\u0101kums noteikt, vai J\u016bs esat t\u0101 persona, par kuru uzdodaties.<\/p>\n<p>Personas datus no klientu re\u0123istr\u0101cijas anket\u0101m M\u0113s glab\u0101jam <em>3<\/em> (tr\u012bs) gadus.<\/p>\n<table border=\"0\" width=\"840\" cellspacing=\"0\" cellpadding=\"2\">\n<tbody>\n<tr>\n<td width=\"360\">\n<p><strong>Personas datu kategorijas<\/strong><\/p>\n<\/td>\n<td width=\"472\">\n<p><strong>Juridiskais pamats<\/strong><\/p>\n<\/td>\n<\/tr>\n<tr>\n<td width=\"360\">\n<p><strong>\u2013 Personisk\u0101 inform\u0101cija (v\u0101rds, uzv\u0101rds, personas kods vai dzim\u0161anas datums, pilson\u012bba (jeb valstspieder\u012bba))<\/strong><\/p>\n<p>\u2013 Kontaktinform\u0101cija (adrese, t\u0101lru\u0146a numurs)<\/p>\n<p>\u2013 Maks\u0101jumu inform\u0101cija, ja veicat bezskaidras naudas maks\u0101jumu (maks\u0101jumu kartes numurs un der\u012bguma termi\u0146\u0161)<\/p>\n<p>\u2013 Cita inform\u0101cija, lai nodro\u0161in\u0101tu viesn\u012bcas pakalpojumus (piem\u0113ram, automa\u0161\u012bnas re\u0123istr\u0101cijas numurs, ja viesn\u012bca pied\u0101v\u0101 autost\u0101vvietas pakalpojumu un ja izmantojat to)<\/p>\n<\/td>\n<td width=\"472\">\n<p><strong>Pakalpojuma nodro\u0161in\u0101\u0161ana<\/strong><\/p>\n<\/td>\n<\/tr>\n<tr>\n<td width=\"360\">\n<p><strong>\u2013 Elektronisk\u0101 pasta adrese<\/strong><\/p>\n<\/td>\n<td width=\"472\">\n<p><strong>J\u016bsu piekri\u0161ana<\/strong><\/p>\n<\/td>\n<\/tr>\n<tr>\n<td width=\"360\">\n<p><strong>\u2013 Personas apliecino\u0161a dokumenta (pases vai personas apliec\u012bbas) dati<\/strong><\/p>\n<\/td>\n<td width=\"472\">\n<p><strong>M\u016bsu likumiskais pien\u0101kums identific\u0113t klientus<\/strong><\/p>\n<\/td>\n<\/tr>\n<\/tbody>\n<\/table>\n<p><strong>Izmantojot M\u016bsu pakalpojumus, J\u016bs apliecin\u0101t, ka J\u016bsu nor\u0101d\u012btie personas dati ir prec\u012bzi un pareizi un ka J\u016bs esat sasniedzis vismaz 18\u00a0gadu vecumu. M\u0113s nevaram garant\u0113t pakalpojumu snieg\u0161anu, Ja sniedzat neprec\u012bzus datus.<\/strong><\/p>\n<p>S\u012bkdatnes (Cookies)<\/p>\n<p>S\u012bkdatnes ir nelielas teksta datnes, kas tiek izveidotas un saglab\u0101tas J\u016bsu k\u0101 interneta lietot\u0101ja ier\u012bc\u0113 (dator\u0101, plan\u0161et\u0113, mobilaj\u0101 t\u0101lrun\u012b un tml.), apmekl\u0113jot M\u016bsu interneta vietni. S\u012bkdatnes \u201catceras\u201d J\u016bsu pieredzi un pamatinform\u0101ciju un t\u0101d\u0113j\u0101di uzlabo M\u016bsu interneta vietnes lieto\u0161anas \u0113rtumu.<\/p>\n<p>Izmantojot s\u012bkdatnes, tiek apstr\u0101d\u0101ti interneta vietnes lieto\u0161anas v\u0113stures dati, diagnostic\u0113tas probl\u0113mas un tr\u016bkumi vietnes darb\u012bb\u0101, iev\u0101kta lietot\u0101ju paradumu statistika, k\u0101 ar\u012b tiek nodro\u0161in\u0101ta vietnes funkcionalit\u0101tes piln\u012bga un \u0113rta izmanto\u0161ana.<\/p>\n<p>Ja J\u016bs nev\u0113laties at\u013caut izmantot s\u012bkdatnes, J\u016bs to varat p\u0101rtraukt, izmanot savas interneta p\u0101rl\u016bkprogrammas uzst\u0101d\u012bjumus, tom\u0113r t\u0101d\u0101 gad\u012bjum\u0101 M\u016bsu interneta vietnes lieto\u0161ana var b\u016bt trauc\u0113ta un apgr\u016btin\u0101ta. Saglab\u0101to s\u012bkdat\u0146u dz\u0113\u0161ana ir iesp\u0113jama J\u016bsu ier\u012bces interneta p\u0101rl\u016bkprogrammas uzst\u0101d\u012bjumu sada\u013c\u0101, dz\u0113\u0161ot saglab\u0101to s\u012bkdat\u0146u v\u0113sturi.<\/p>\n<table border=\"0\" width=\"840\" cellspacing=\"0\" cellpadding=\"2\">\n<tbody>\n<tr>\n<td width=\"453\">\n<p><strong>Personas datu kategorijas<\/strong><\/p>\n<\/td>\n<td width=\"379\">\n<p><strong>Juridiskais pamats<\/strong><\/p>\n<\/td>\n<\/tr>\n<tr>\n<td width=\"453\">\n<p><strong>\u2013 Interneta vietnes lietot\u0101ju preferences, paradumu statistika<\/strong><\/p>\n<\/td>\n<td width=\"379\">\n<p><strong>J\u016bsu piekri\u0161ana (Interneta p\u0101rl\u016bkprogrammas konfigur\u0101cija)<\/strong><\/p>\n<\/td>\n<\/tr>\n<\/tbody>\n<\/table>\n<h3 class=\"western\">No k\u0101diem avotiem m\u0113s sav\u0101cam personas datus?<\/h3>\n<h4 class=\"western\">J\u016bsu<\/h4>\n<p>M\u0113s apkopojam J\u016bsu sniegtos personas datus, kurus J\u016bs sniedzat Mums pirms M\u016bsu pakalpojuma nodro\u0161in\u0101\u0161anas, k\u0101 ar\u012b kad J\u016bs apmekl\u0113jat M\u016bsu viesn\u012bcas teritoriju (videonov\u0113ro\u0161ana) vai M\u016bsu m\u0101jaslapu (s\u012bkdatnes), k\u0101 ar\u012b Jums piesakoties rekl\u0101mas un informat\u012bvo materi\u0101lu sa\u0146em\u0161anai.<\/p>\n<h4 class=\"western\">Sadarb\u012bbas partneri<\/h4>\n<p>Ja J\u016bs veiksiet M\u016bsu pakalpojuma pas\u016bt\u012b\u0161anu caur M\u016bsu sadarb\u012bbas partneriem (piem\u0113ram, Booking.com, t\u016brisma a\u0123entiem, operatoriem), no \u0161iem sadarb\u012bbas partneriem m\u0113s ieg\u016bsim datus, lai nodro\u0161in\u0101tu M\u016bsu pakalpojuma snieg\u0161anu Jums.<\/p>\n<h3 class=\"western\">Kam M\u0113s nododam J\u016bsu personas datus?<\/h3>\n<h4 class=\"western\">Pakalpojumu sniedz\u0113ji un sadarb\u012bbas partneri<\/h4>\n<p>Lai pild\u012btu savas saist\u012bbas pret Jums (piem\u0113ram, lai nodro\u0161in\u0101tu naktsm\u012btnes rezerv\u0101ciju), M\u0113s nododam J\u016bsu personas datus uz\u0146\u0113mumiem, kas sniedz Mums \u0101rpakalpojumus. M\u0113s r\u016bp\u012bgi p\u0101rbaud\u0101m visus \u0101rpakalpojuma sniedz\u0113jus (personas datu apstr\u0101d\u0101t\u0101jus), kas M\u016bsu v\u0101rd\u0101 un uzdevum\u0101 apstr\u0101d\u0101 J\u016bsu personas datus. M\u0113s izv\u0113rt\u0113jam, vai \u0101rpakalpojuma sniedz\u0113ji pielieto atbilsto\u0161us dro\u0161\u012bbas pas\u0101kumus, lai J\u016bsu personas datu apstr\u0101de notiktu atbilsto\u0161i M\u016bsu uzdevumiem, nor\u0101d\u012bjumiem, instrukcij\u0101m un likumu pras\u012bb\u0101m. \u0160ie uz\u0146\u0113mumi nav ties\u012bgi J\u016bsu personas datus izmantot k\u0101diem citiem m\u0113r\u0137iem.<\/p>\n<h3 class=\"western\">Ties\u012bbu aizsardz\u012bbas iest\u0101des, valsts un pa\u0161vald\u012bbu iest\u0101des<\/h3>\n<p>Lai pild\u012btu likumu pien\u0101kumus, M\u0113s varam nodot J\u016bsu personas datus ties\u012bbu aizsardz\u012bbas iest\u0101d\u0113m (piem\u0113ram, policijai), k\u0101 ar\u012b valsts un pa\u0161vald\u012bbu iest\u0101d\u0113m p\u0113c to piepras\u012bjuma. M\u0113s varam nodot J\u016bsu personas datus ar\u012b ties\u012bbu aizsardz\u012bbas iest\u0101d\u0113m (piem\u0113ram, ties\u0101m), k\u0101 ar\u012b valsts un pa\u0161vald\u012bbu iest\u0101d\u0113m, lai aizst\u0101v\u0113tu M\u016bsu juridisk\u0101s intereses, sast\u0101dot, iesniedzot un uzturot juridiskas pras\u012bbas.<\/p>\n<h3 class=\"western\">Personas datu nodo\u0161ana \u0101rpus Eiropas Savien\u012bbas un Eiropas Ekonomisk\u0101s zonas (ES\/EEZ)<\/h3>\n<p>M\u0113s vienm\u0113r cen\u0161amies apstr\u0101d\u0101t J\u016bsu personas datus Eiropas Savien\u012bbas un Eiropas Ekonomisk\u0101s zonas (ES\/EEZ) teritorij\u0101. J\u016bsu personas dati netiek apstr\u0101d\u0101ti valst\u012b, kas atrodas \u0101rpus ES\/EEZ, lai nodro\u0161in\u0101tu Jums izv\u0113l\u0113to pakalpojumu.<\/p>\n<p>Personas datu nodo\u0161ana un apstr\u0101de \u0101rpus ES\/EEZ var notikt, ja tam ir tiesisks pamats, proti, lai izpild\u012btu likuma pien\u0101kumu, nosl\u0113gtu vai izpild\u012btu l\u012bgumu, saska\u0146\u0101 ar J\u016bsu piekri\u0161anu vai ar\u012b citos \u0161auri defin\u0113tos \u012bpa\u0161os gad\u012bjumos.<\/p>\n<h3 class=\"western\">Cik ilgi J\u016bsu personas dati tiek glab\u0101ti?<\/h3>\n<p>Visi no Jums ieg\u016btie personas dati tiek glab\u0101ti tik ilgi, kam\u0113r J\u016bs izmantojat M\u016bsu pakalpojumus, vai ar\u012b kam\u0113r J\u016bs neatsaucat savu piekri\u0161anu, ja J\u016bsu personas dati tiek apstr\u0101d\u0101ti, pamatojoties uz to. Ilg\u0101ks personas datu uzglab\u0101\u0161anas laiks ir pie\u013caujams, lai izpild\u012btu likumu pras\u012bbas par dokumentu vai inform\u0101cijas glab\u0101\u0161anas minim\u0101lo termi\u0146u vai ar\u012b lai aizsarg\u0101tu M\u016bsu likum\u012bg\u0101s intereses.<\/p>\n<p>Kad \u0161is periods ir beidzies, M\u0113s dro\u0161\u0101 veid\u0101 izdz\u0113s\u012bsim J\u016bsu personas datus vai padar\u012bsim tos nepieejamus (arhiv\u0113\u0161ana), vai ar\u012b neidentific\u0113jamus, lai tos vairs nevar\u0113tu sasaist\u012bt ar Jums.<\/p>\n<h3 class=\"western\">K\u0101 M\u0113s aizsarg\u0101jam J\u016bsu personas datus?<\/h3>\n<p>M\u0113s nodro\u0161in\u0101m, past\u0101v\u012bgi p\u0101rskat\u0101m un uzlabojam aizsardz\u012bbas pas\u0101kumus, lai aizsarg\u0101tu J\u016bsu personas datus no nesankcion\u0113tas piek\u013cuves, nejau\u0161as nozaud\u0113\u0161anas, izpau\u0161anas vai izn\u012bcin\u0101\u0161anas. Lai to \u012bstenotu, M\u0113s pielietojam m\u016bsdienu tehnolo\u0123ijas, tehniskas un organizatoriskas pras\u012bbas, t.sk., izmantojot ugunsm\u016brus, antiv\u012brusu programmas.<\/p>\n<p>Tom\u0113r, M\u0113s rekomend\u0113jam Jums iev\u0113rot visp\u0101r\u0113jos datora un interneta lieto\u0161anas dro\u0161\u012bbas noteikumus, k\u0101 ar\u012b J\u016bsu priv\u0101to datu (it \u012bpa\u0161i personu apliecino\u0161o dokumentu) aizsardz\u012bbas un glab\u0101\u0161anas pras\u012bbas, un M\u0113s neuz\u0146emsimies atbild\u012bbu par nesankcion\u0113tu piek\u013cuvi J\u016bsu personas datiem un\/vai datu zudumu, ja tas noticis J\u016bsu vainas vai nolaid\u012bbas d\u0113\u013c.<\/p>\n<h3 class=\"western\">J\u016bsu ties\u012bbas<\/h3>\n<p>Normat\u012bvais regul\u0113jums datu aizsardz\u012bbas jom\u0101 pie\u0161\u0137ir Jums vair\u0101kas ties\u012bbas ietekm\u0113t J\u016bsu personas datu apstr\u0101di.<\/p>\n<h4 class=\"western\">Piek\u013cuve personas datiem<\/h4>\n<p>Jums ir ties\u012bbas piepras\u012bt apstiprin\u0101jumu no Mums, vai M\u0113s apstr\u0101d\u0101jam J\u016bsu personas datus, un \u0161\u0101dos gad\u012bjumos piepras\u012bt piek\u013cuvi personas datiem, ko M\u0113s apstr\u0101d\u0101jam par Jums, vai ar\u012b izsniegt inform\u0101ciju par personas datiem, ja tie\u0161as piek\u013cuves nodro\u0161in\u0101\u0161ana nav paredz\u0113ta.<\/p>\n<h4 class=\"western\">Personas datu labo\u0161ana<\/h4>\n<p>Ja uzskat\u0101t, ka inform\u0101cija par Jums ir nepareiza vai nepiln\u012bga, Jums ir ties\u012bbas l\u016bgt Mums to izlabot.<\/p>\n<h4 class=\"western\">Piekri\u0161anas atsauk\u0161ana<\/h4>\n<p>Cikt\u0101l m\u0113s apstr\u0101d\u0101jam J\u016bsu personas datus, pamatojoties uz J\u016bsu piekri\u0161anu, Jums ir ties\u012bbas jebkur\u0101 laik\u0101 atsaukt savu piekri\u0161anu personas datu apstr\u0101dei.<\/p>\n<h4 class=\"western\">Iebildums pret datu apstr\u0101di rekl\u0101mas nol\u016bkiem<\/h4>\n<p>Jums ir ties\u012bbas jebkur\u0101 laik\u0101 iebilst pret savu personas datu apstr\u0101di rekl\u0101mas pieg\u0101des nol\u016bkiem.<\/p>\n<h4 class=\"western\">Iebildums pret apstr\u0101di, pamatojoties uz likum\u012bgaj\u0101m interes\u0113m<\/h4>\n<p>Jums ir ties\u012bbas iebilst pret personas datu apstr\u0101di, ko veicam, pamatojoties uz M\u016bsu likum\u012bgaj\u0101m interes\u0113m. Tom\u0113r M\u0113s turpin\u0101sim apstr\u0101d\u0101t J\u016bsu datus pat tad, ja b\u016bsiet iebildis pret to, ja Mums b\u016bs p\u0101rliecino\u0161i motiv\u0113ti iemesli turpin\u0101t apstr\u0101d\u0101t personas datus. Lai \u012bstenotu iepriek\u0161 min\u0113t\u0101s ties\u012bbas, l\u016bdzu iesniedziet Mums rakstveida iesniegumu.<\/p>\n<h4 class=\"western\">Dz\u0113\u0161ana<\/h4>\n<p>Noteiktos apst\u0101k\u013cos Jums ir ties\u012bbas pras\u012bt Mums dz\u0113st J\u016bsu personas datus, tom\u0113r tas neattiecas uz gad\u012bjumiem, kad likums pieprasa Mums saglab\u0101t datus. Lai \u012bstenotu iepriek\u0161 min\u0113t\u0101s ties\u012bbas, l\u016bdzu, iesniedziet Mums rakstveida iesniegumu.<\/p>\n<h4 class=\"western\">Apstr\u0101des ierobe\u017eojums<\/h4>\n<p>Noteiktos apst\u0101k\u013cos Jums ir ties\u012bbas ierobe\u017eot savu personas datu apstr\u0101di. L\u016bdzu, \u0146emiet v\u0113r\u0101, ka gad\u012bjum\u0101, ja J\u016bs piepras\u0101t, lai J\u016bsu datu apstr\u0101de tiek ierobe\u017eota, tas var ietekm\u0113t J\u016bsu iesp\u0113jas sa\u0146emt M\u016bsu pakalpojumus. Lai \u012bstenotu iepriek\u0161 min\u0113t\u0101s ties\u012bbas, l\u016bdzu iesniedziet Mums rakstveida iesniegumu.<\/p>\n<h3 class=\"western\">Datu p\u0101rnese<\/h3>\n<p>Visbeidzot, Jums ir ties\u012bbas sa\u0146emt vai nodot savus personas datus t\u0101l\u0101k citam datu p\u0101rzinim. \u0160\u012bs ties\u012bbas ietver tikai tos datus, ko esat sniedzis Mums, pamatojoties uz savu piekri\u0161anu vai l\u012bgumu, k\u0101 ar\u012b ja apstr\u0101d\u0101\u0161ana tiek veikta automatiz\u0113ti. Lai \u012bstenotu iepriek\u0161 min\u0113t\u0101s ties\u012bbas, l\u016bdzu iesniedziet Mums rakstveida iesniegumu.<\/p>\n<h3 class=\"western\">Ar ko varu sazin\u0101ties, ja man ir k\u0101di jaut\u0101jumi?<\/h3>\n<p>Ja Jums rodas k\u0101di jaut\u0101jumi par J\u016bsu personas datu apstr\u0101di, l\u016bdzu, sazinieties ar Mums.<\/p>\n<p>Ja neesat apmierin\u0101ts ar sa\u0146emto atbildi, Jums ir ties\u012bbas iesniegt s\u016bdz\u012bbu Datu valsts inspekcij\u0101 (<span style=\"color: #000080;\"><span lang=\"zxx\"><u><a href=\"https:\/\/www.dvi.gov.lv\/lv\/\" target=\"_blank\" rel=\"noopener\">www.dvi.gov.lv<\/a><\/u><\/span><\/span>)<\/p>\n<h3 class=\"western\">Datu p\u0101rzi\u0146a kontaktinform\u0101cija<\/h3>\n<p align=\"LEFT\"><span style=\"font-size: medium;\">SIA \u201cGrantiniCamp\u201d <\/span><span style=\"font-size: medium;\">Jelgavas nov., Sv\u0113tes pag., \u201cGranti\u0146i 1\u201d<\/span><\/p>\n<p align=\"LEFT\"><span style=\"font-size: medium;\">Re\u0123.Nr. 40003706302<\/span><\/p>\n<p align=\"LEFT\"><span style=\"font-size: medium;\">T\u0101trunis: +371 28602267, e-pasts: info@grantinicamp.lv<\/span><\/p>\t\t\t\t\t\t<\/div>\n\t\t\t\t<\/div>\n\t\t\t\t\t<\/div>\n\t\t<\/div>\n\t\t\t\t\t<\/div>\n\t\t<\/section>\n\t\t\t\t<\/div>\n\t\t","protected":false},"excerpt":{"rendered":"<p>Viesn\u012bcas Granti\u0146i priv\u0101tuma politika Kas M\u0113s esam? Sabiedr\u012bba ar ierobe\u017eotu atbild\u012bbu \u2019\u2019GrantiniCamp\u2019\u2019, re\u0123istr\u0101cijas numurs: 40003706302, , juridisk\u0101 adrese: Jelgavas nov., Sv\u0113tes pag., \u201cGranti\u0146i 1\u201d J\u016bsu priv\u0101tums un uztic\u012bba Mums ir svar\u012bga M\u016bsu m\u0113r\u0137is ir p\u0113c iesp\u0113jas skaidr\u0101k un saprotam\u0101k inform\u0113t J\u016bs par to, k\u0101 un k\u0101p\u0113c M\u0113s izmantojam J\u016bsu personisko inform\u0101ciju. M\u016bsu m\u0113r\u0137is ir likt [&hellip;]<\/p>\n","protected":false},"author":1,"featured_media":0,"parent":0,"menu_order":0,"comment_status":"closed","ping_status":"open","template":"","meta":[],"yoast_head":"<!-- This site is optimized with the Yoast SEO plugin v20.2.1 - https:\/\/yoast.com\/wordpress\/plugins\/seo\/ -->\n<title>Priv\u0101tuma politika<\/title>\n<meta name=\"description\" content=\"Sabiedr\u012bba ar ierobe\u017eotu atbild\u012bbu \u2019\u2019GrantiniCamp\u2019\u2019, re\u0123istr\u0101cijas numurs: 40003706302, , juridisk\u0101 adrese: Jelgavas nov., Sv\u0113tes pag., \u201cGranti\u0146i 1\u201d\" \/>\n<meta name=\"robots\" content=\"index, follow, max-snippet:-1, max-image-preview:large, max-video-preview:-1\" \/>\n<link rel=\"canonical\" href=\"https:\/\/www.grantinicamp.lv\/lv\/privatuma-politika\/\" \/>\n<meta property=\"og:locale\" content=\"lv_LV\" \/>\n<meta property=\"og:type\" content=\"article\" \/>\n<meta property=\"og:title\" content=\"Priv\u0101tuma politika\" \/>\n<meta property=\"og:description\" content=\"Sabiedr\u012bba ar ierobe\u017eotu atbild\u012bbu \u2019\u2019GrantiniCamp\u2019\u2019, re\u0123istr\u0101cijas numurs: 40003706302, , juridisk\u0101 adrese: Jelgavas nov., Sv\u0113tes pag., \u201cGranti\u0146i 1\u201d\" \/>\n<meta property=\"og:url\" content=\"https:\/\/www.grantinicamp.lv\/lv\/privatuma-politika\/\" \/>\n<meta property=\"article:modified_time\" content=\"2021-06-17T12:37:18+00:00\" \/>\n<meta name=\"twitter:card\" content=\"summary_large_image\" \/>\n<meta name=\"twitter:label1\" content=\"Est. reading time\" \/>\n\t<meta name=\"twitter:data1\" content=\"6 minutes\" \/>\n<script type=\"application\/ld+json\" class=\"yoast-schema-graph\">{\"@context\":\"https:\/\/schema.org\",\"@graph\":[{\"@type\":\"WebPage\",\"@id\":\"https:\/\/www.grantinicamp.lv\/lv\/privatuma-politika\/\",\"url\":\"https:\/\/www.grantinicamp.lv\/lv\/privatuma-politika\/\",\"name\":\"Priv\u0101tuma politika\",\"isPartOf\":{\"@id\":\"https:\/\/www.grantinicamp.lv\/#website\"},\"datePublished\":\"2021-05-24T10:19:44+00:00\",\"dateModified\":\"2021-06-17T12:37:18+00:00\",\"description\":\"Sabiedr\u012bba ar ierobe\u017eotu atbild\u012bbu \u2019\u2019GrantiniCamp\u2019\u2019, re\u0123istr\u0101cijas numurs: 40003706302, , juridisk\u0101 adrese: Jelgavas nov., Sv\u0113tes pag., \u201cGranti\u0146i 1\u201d\",\"breadcrumb\":{\"@id\":\"https:\/\/www.grantinicamp.lv\/lv\/privatuma-politika\/#breadcrumb\"},\"inLanguage\":\"lv-LV\",\"potentialAction\":[{\"@type\":\"ReadAction\",\"target\":[\"https:\/\/www.grantinicamp.lv\/lv\/privatuma-politika\/\"]}]},{\"@type\":\"BreadcrumbList\",\"@id\":\"https:\/\/www.grantinicamp.lv\/lv\/privatuma-politika\/#breadcrumb\",\"itemListElement\":[{\"@type\":\"ListItem\",\"position\":1,\"name\":\"Home\",\"item\":\"https:\/\/www.grantinicamp.lv\/lv\/\"},{\"@type\":\"ListItem\",\"position\":2,\"name\":\"Priv\u0101tuma politika\"}]},{\"@type\":\"WebSite\",\"@id\":\"https:\/\/www.grantinicamp.lv\/#website\",\"url\":\"https:\/\/www.grantinicamp.lv\/\",\"name\":\"\",\"description\":\"Atp\u016btas kompleks un restor\u0101ns\",\"potentialAction\":[{\"@type\":\"SearchAction\",\"target\":{\"@type\":\"EntryPoint\",\"urlTemplate\":\"https:\/\/www.grantinicamp.lv\/?s={search_term_string}\"},\"query-input\":\"required name=search_term_string\"}],\"inLanguage\":\"lv-LV\"}]}<\/script>\n<!-- \/ Yoast SEO plugin. -->","yoast_head_json":{"title":"Priv\u0101tuma politika","description":"Sabiedr\u012bba ar ierobe\u017eotu atbild\u012bbu \u2019\u2019GrantiniCamp\u2019\u2019, re\u0123istr\u0101cijas numurs: 40003706302, , juridisk\u0101 adrese: Jelgavas nov., Sv\u0113tes pag., \u201cGranti\u0146i 1\u201d","robots":{"index":"index","follow":"follow","max-snippet":"max-snippet:-1","max-image-preview":"max-image-preview:large","max-video-preview":"max-video-preview:-1"},"canonical":"https:\/\/www.grantinicamp.lv\/lv\/privatuma-politika\/","og_locale":"lv_LV","og_type":"article","og_title":"Priv\u0101tuma politika","og_description":"Sabiedr\u012bba ar ierobe\u017eotu atbild\u012bbu \u2019\u2019GrantiniCamp\u2019\u2019, re\u0123istr\u0101cijas numurs: 40003706302, , juridisk\u0101 adrese: Jelgavas nov., Sv\u0113tes pag., \u201cGranti\u0146i 1\u201d","og_url":"https:\/\/www.grantinicamp.lv\/lv\/privatuma-politika\/","article_modified_time":"2021-06-17T12:37:18+00:00","twitter_card":"summary_large_image","twitter_misc":{"Est. reading time":"6 minutes"},"schema":{"@context":"https:\/\/schema.org","@graph":[{"@type":"WebPage","@id":"https:\/\/www.grantinicamp.lv\/lv\/privatuma-politika\/","url":"https:\/\/www.grantinicamp.lv\/lv\/privatuma-politika\/","name":"Priv\u0101tuma politika","isPartOf":{"@id":"https:\/\/www.grantinicamp.lv\/#website"},"datePublished":"2021-05-24T10:19:44+00:00","dateModified":"2021-06-17T12:37:18+00:00","description":"Sabiedr\u012bba ar ierobe\u017eotu atbild\u012bbu \u2019\u2019GrantiniCamp\u2019\u2019, re\u0123istr\u0101cijas numurs: 40003706302, , juridisk\u0101 adrese: Jelgavas nov., Sv\u0113tes pag., \u201cGranti\u0146i 1\u201d","breadcrumb":{"@id":"https:\/\/www.grantinicamp.lv\/lv\/privatuma-politika\/#breadcrumb"},"inLanguage":"lv-LV","potentialAction":[{"@type":"ReadAction","target":["https:\/\/www.grantinicamp.lv\/lv\/privatuma-politika\/"]}]},{"@type":"BreadcrumbList","@id":"https:\/\/www.grantinicamp.lv\/lv\/privatuma-politika\/#breadcrumb","itemListElement":[{"@type":"ListItem","position":1,"name":"Home","item":"https:\/\/www.grantinicamp.lv\/lv\/"},{"@type":"ListItem","position":2,"name":"Priv\u0101tuma politika"}]},{"@type":"WebSite","@id":"https:\/\/www.grantinicamp.lv\/#website","url":"https:\/\/www.grantinicamp.lv\/","name":"","description":"Atp\u016btas kompleks un restor\u0101ns","potentialAction":[{"@type":"SearchAction","target":{"@type":"EntryPoint","urlTemplate":"https:\/\/www.grantinicamp.lv\/?s={search_term_string}"},"query-input":"required name=search_term_string"}],"inLanguage":"lv-LV"}]}},"_links":{"self":[{"href":"https:\/\/www.grantinicamp.lv\/lv\/wp-json\/wp\/v2\/pages\/4939"}],"collection":[{"href":"https:\/\/www.grantinicamp.lv\/lv\/wp-json\/wp\/v2\/pages"}],"about":[{"href":"https:\/\/www.grantinicamp.lv\/lv\/wp-json\/wp\/v2\/types\/page"}],"author":[{"embeddable":true,"href":"https:\/\/www.grantinicamp.lv\/lv\/wp-json\/wp\/v2\/users\/1"}],"replies":[{"embeddable":true,"href":"https:\/\/www.grantinicamp.lv\/lv\/wp-json\/wp\/v2\/comments?post=4939"}],"version-history":[{"count":5,"href":"https:\/\/www.grantinicamp.lv\/lv\/wp-json\/wp\/v2\/pages\/4939\/revisions"}],"predecessor-version":[{"id":7033,"href":"https:\/\/www.grantinicamp.lv\/lv\/wp-json\/wp\/v2\/pages\/4939\/revisions\/7033"}],"wp:attachment":[{"href":"https:\/\/www.grantinicamp.lv\/lv\/wp-json\/wp\/v2\/media?parent=4939"}],"curies":[{"name":"wp","href":"https:\/\/api.w.org\/{rel}","templated":true}]}}