{"id":5469,"date":"2021-05-27T14:23:38","date_gmt":"2021-05-27T11:23:38","guid":{"rendered":"https:\/\/www.grantinicamp.lv\/?page_id=5469"},"modified":"2021-06-19T13:28:58","modified_gmt":"2021-06-19T10:28:58","slug":"teritorijas-noteikumi","status":"publish","type":"page","link":"https:\/\/www.grantinicamp.lv\/lv\/teritorijas-noteikumi\/","title":{"rendered":"Teritorijas noteikumi"},"content":{"rendered":"\t\t<div data-elementor-type=\"wp-page\" data-elementor-id=\"5469\" class=\"elementor elementor-5469\" data-elementor-post-type=\"page\">\n\t\t\t\t\t\t<section class=\"elementor-section elementor-top-section elementor-element elementor-element-e448db1 elementor-section-boxed elementor-section-height-default elementor-section-height-default\" data-id=\"e448db1\" data-element_type=\"section\">\n\t\t\t\t\t\t<div class=\"elementor-container elementor-column-gap-default\">\n\t\t\t\t\t<div class=\"elementor-column elementor-col-100 elementor-top-column elementor-element elementor-element-b82f197\" data-id=\"b82f197\" data-element_type=\"column\">\n\t\t\t<div class=\"elementor-widget-wrap elementor-element-populated\">\n\t\t\t\t\t\t<div class=\"elementor-element elementor-element-28c1f0b elementor-widget elementor-widget-text-editor\" data-id=\"28c1f0b\" data-element_type=\"widget\" data-widget_type=\"text-editor.default\">\n\t\t\t\t<div class=\"elementor-widget-container\">\n\t\t\t\t\t\t\t<h3><strong>Atp\u016btas kompleksa \u201cGranti\u0146i\u201d teritorijas noteikumi<\/strong><\/h3><p>\u00a0<\/p><ol><li>Zem\u0101k norad\u012btie noteikumi ir sp\u0113k\u0101 vis\u0101 atp\u016btas kompleksa teritorij\u0101 un tie ir saisto\u0161i katram atp\u016btas kompleksa apmekl\u0113t\u0101jam;<\/li><li>Par \u0161o noteikumu neiev\u0113ro\u0161anu vai par nepak\u013cau\u0161anos atp\u016btas kompleksa atbild\u012bgo darbinieku pras\u012bb\u0101m, apmekl\u0113t\u0101jiem ir pien\u0101kums nekav\u0113joties pamest atp\u016btas kompleksa teritoriju. Kompens\u0101cija par neizmantoto laiku \u0161\u0101d\u0101 gad\u012bjum\u0101 netiek izmaks\u0101ta;<\/li><li>Pirms apmekl\u0113juma re\u0123istr\u0113ties administr\u0101cijas \u0113k\u0101;<\/li><li>Sezon\u0101 tiek piem\u0113rota ieejas maksa, k\u0101 ar\u012b citas izmaksas atp\u016bt\u0101 pie dabas;<\/li><li>Neuztur\u0113ties nak\u0161\u0146o\u0161anas vietu zon\u0101s un netrauc\u0113t citu personu atp\u016btu;<\/li><li>Par savu peld\u0113t prasmi ir atbild\u012bga katra persona pati. Par b\u0113rnu peld\u0113t prasmi ir atbild\u012bgi vi\u0146u vec\u0101ki, aizbild\u0146i vai aizg\u0101d\u0146i;<\/li><li>SIA \u201cGrantiniCamp\u201d nav atbild\u012bgs par jebk\u0101diem kait\u0113jumiem personas vesel\u012bbai, miesai vai mantai (vai par personas n\u0101vi), kas radu\u0161ies \u0161\u012bs personas nolaid\u012bgas r\u012bc\u012bbas rezult\u0101t\u0101;<\/li><li>Zvejot atp\u016btas kompleksa teritorij\u0101 ir at\u013cauts tikai iepriek\u0161 saska\u0146ojot un tikai atp\u016btas kompleks\u0101 nor\u0101d\u012btaj\u0101s viet\u0101s, saska\u0146\u0101 ar zvejo\u0161anas noteikumiem. Zem\u016bdens med\u012bbas kategoriski ir aizliegtas;<\/li><li>Atp\u016btas kompleksa me\u017ea teritorij\u0101 ir aizliegts med\u012bt bez at\u013caujas un saska\u0146o\u0161anas ar attiec\u012bgaj\u0101m valsts instit\u016bcij\u0101m;<\/li><li>Atp\u016btas kompleks\u0101 ir aizliegts ievest dz\u012bvniekus bez saska\u0146o\u0161anas ar atp\u016btas kompleksa atbild\u012bgajiem darbiniekiem. Dz\u012bvniekam j\u0101b\u016bt pavad\u0101 k\u0101 ar\u012b j\u0101sav\u0101c aiz sava m\u012blu\u013ca izk\u0101rn\u012bjumi;<\/li><li>Atp\u016btas kompleks\u0101 ir aizliegts lietot jebk\u0101da veida person\u012bgos \u016bdens transporta l\u012bdzek\u013cus (taj\u0101 skait\u0101 laivas, \u016bdens velosip\u0113dus, \u016bdens motociklus u.c.), bez saska\u0146o\u0161anas ar atp\u016btas kompleksa atbild\u012bgajiem darbiniekiem;<\/li><li>Atp\u016btas kompleksa piegru\u017eo\u0161ana ir aizliegta. Atkritumu novieto\u0161ana ir at\u013cauta tam \u012bpa\u0161i paredz\u0113taj\u0101s viet\u0101s;<\/li><li>B\u0113rniem l\u012bdz 14 gadu vecumam uztur\u0113\u0161an\u0101s at\u013cauta tikai pieaugu\u0161o uzraudz\u012bb\u0101;<\/li><li>Katrs apmekl\u0113t\u0101js ir atbild\u012bgs par savu personisko mantu (taj\u0101 skait\u0101 transporta l\u012bdzek\u013ca) uzraudz\u012bbu un dro\u0161\u012bbu;<\/li><li>Atp\u016btas komplekss nav atbild\u012bgs par apmekl\u0113t\u0101ju person\u012bgo mantu nozaud\u0113\u0161anu, z\u0101dz\u012bbu vai boj\u0101\u0161anu;<\/li><li>Aizliegts sm\u0113\u0137\u0113t b\u0113rnu kl\u0101tb\u016btn\u0113 vai blakus citiem apmekl\u0113t\u0101jiem, kam trauc\u0113 \u0161\u0101da darb\u012bba. Izsm\u0113\u0137us aizliegts mest uz zemes, \u016bden\u012b vai viet\u0101s, kas var izrais\u012bt ugunsgr\u0113ku;<\/li><li>Aizliegts dedzin\u0101t jebk\u0101da veida sveces, nesaska\u0146ojot to ar adbild\u012bgo personu;<\/li><li>Aizliegts kurin\u0101t mang\u0101li, ugunskuru t\u0101m neparedz\u0113t\u0101j\u0101s viet\u0101s ieskaitot m\u0101ji\u0146u terases zonu;<\/li><li>Par aizmirstaj\u0101m mant\u0101m klientam pien\u0101kums 10 (desmit) dienu laik\u0101 t\u0101s pa\u0146emt. Ja klients nav pa\u0146\u0113mis atst\u0101t\u0101s mantas vai nav vienojies par citu pa\u0146em\u0161anas laiku atp\u016btas kompleksa darbinieks ir tiesisks mantas likvid\u0113t.<\/li><li>Lietojot laivas un SUP d\u0113\u013cus klientam pien\u0101kumos ietilpst p\u0101rbaud\u012bt to dro\u0161\u012bbu, uzvilkt vestes un parakst\u012bties par dro\u0161\u012bbu;<\/li><li>Izmantojot laivas, SUP d\u0113\u013cus aizliegts l\u012bdzi \u0146emt dz\u0113rienus vai \u0113dienus stikla traukos k\u0101 ar\u012b mest atkritumus \u016bden\u012b;<\/li><li>Nepie\u013caut uguns izcel\u0161anos vai darb\u012bbas, kas var novest pie ugunskura (sm\u0113\u0137\u0113t telp\u0101s, lietot\/atst\u0101t telp\u0101s atkl\u0101tu uguni, lietot boj\u0101tas elektroier\u012bces u.c.);<\/li><li>Aizliegts t\u012br\u012bt, mazg\u0101t visa veida transporta l\u012bdzek\u013cus;<\/li><li>Saudz\u012bgi iztur\u0113ties pret m\u0113bel\u0113m, invent\u0101ru, apr\u012bkojumu, elektroier\u012bc\u0113m u.c., man\u0101m, kas atrodas atp\u016btas kompleksa teritorij\u0101;<\/li><li>Viesis ap\u0146emas iev\u0113rot nakts mieru p\u0113c plkst. 23:00;<\/li><li>Transporta l\u012bdzek\u013cus novietot tam paredz\u0113taj\u0101s viet\u0101s;<\/li><li>Aizliegts r\u012bkot pas\u0101kumus par tiem nesaska\u0146ojot ar attiec\u012bg\u0101m person\u0101m;<\/li><li>Aizliegts novietot, karin\u0101t, stiprin\u0101t utt&#8230;, z\u012bmes, plak\u0101tus, stabus, dekor\u0101cijas, karogus, balonus utt&#8230;, nevienojoties ar attiec\u012bgaj\u0101m person\u0101m;<\/li><li>Aizliegts izmantot plauk\u0161\u0137enes;<\/li><li>Aizliegts \u0161aut sal\u016btu, ra\u0137etes un cita veida pirotehniku par to nevienojoties ar attiec\u012bg\u0101m person\u0101m;<\/li><li>Aizliegts veikt jebk\u0101das patva\u013c\u012bgas darb\u012bbas un r\u012bkoties p\u0113c saviem ieskatiem;<\/li><li>Aizliegts teritorij\u0101 uztur\u0113ties piln\u012bgi kailam bez ap\u0123\u0113rba;<\/li><li>Apmekl\u0113t\u0101ji, kas apmekl\u0113 restor\u0101nu peldkost\u012bm\u0101 dr\u012bkst atrasties tikai \u0101ra teras\u0113. Ieejas maksa apmekl\u0113jot restor\u0101nu nav j\u0101maks\u0101. Ar savu \u0113dienu uztur\u0113ties restor\u0101n\u0101 un restor\u0101na teras\u0113 aizliegts;<\/li><li>Klients, kur\u0161 atrodas alkohola reibum\u0101 vai citu apreibino\u0161u vielu iespaid\u0101 j\u0101pamet atp\u016btas komplekss;<\/li><li>Aizliegts barot gulbjus, p\u012bles un putnus;<\/li><li>Uz\u0146emties pilnu materi\u0101lo atbild\u012bbu par SIA invent\u0101ra boj\u0101jumiem, kas notiku\u0161i Klienta un no vi\u0146a atkar\u012bgo tre\u0161o personu vainas un\/vai neuzman\u012bbas d\u0113\u013c, (dz\u012bvniekus ieskaitot) iev\u0113rot ugunsdro\u0161\u012bbas pras\u012bbas, iek\u0161\u0113j\u0101s k\u0101rt\u012bbas noteikumus un teritorijas noteikumus. Ja ir radu\u0161ies SIA invent\u0101ra boj\u0101jumi atl\u012bdzin\u0101t zaud\u0113jumus 3 (tr\u012bs) darba dienu laik\u0101 p\u0113c SIA sast\u0101d\u012bta boj\u0101jumu akta un piest\u0101d\u012bta r\u0113\u0137ina Klientam.<\/li><\/ol>\t\t\t\t\t\t<\/div>\n\t\t\t\t<\/div>\n\t\t\t\t\t<\/div>\n\t\t<\/div>\n\t\t\t\t\t<\/div>\n\t\t<\/section>\n\t\t\t\t<\/div>\n\t\t","protected":false},"excerpt":{"rendered":"<p>Atp\u016btas kompleksa \u201cGranti\u0146i\u201d teritorijas noteikumi Zem\u0101k norad\u012btie noteikumi ir sp\u0113k\u0101 vis\u0101 atp\u016btas kompleksa teritorij\u0101 un tie ir saisto\u0161i katram atp\u016btas kompleksa apmekl\u0113t\u0101jam; Par \u0161o noteikumu neiev\u0113ro\u0161anu vai par nepak\u013cau\u0161anos atp\u016btas kompleksa atbild\u012bgo darbinieku pras\u012bb\u0101m, apmekl\u0113t\u0101jiem ir pien\u0101kums nekav\u0113joties pamest atp\u016btas kompleksa teritoriju. Kompens\u0101cija par neizmantoto laiku \u0161\u0101d\u0101 gad\u012bjum\u0101 netiek izmaks\u0101ta; Pirms apmekl\u0113juma re\u0123istr\u0113ties administr\u0101cijas \u0113k\u0101; [&hellip;]<\/p>\n","protected":false},"author":1,"featured_media":0,"parent":0,"menu_order":0,"comment_status":"closed","ping_status":"closed","template":"","meta":[],"yoast_head":"<!-- This site is optimized with the Yoast SEO plugin v20.2.1 - https:\/\/yoast.com\/wordpress\/plugins\/seo\/ -->\n<title>Teritorijas noteikumi<\/title>\n<meta name=\"description\" content=\"Zem\u0101k norad\u012btie noteikumi ir sp\u0113k\u0101 vis\u0101 atp\u016btas kompleksa teritorij\u0101 un tie ir saisto\u0161i katram atp\u016btas kompleksa apmekl\u0113t\u0101jam;\" \/>\n<meta name=\"robots\" content=\"index, follow, max-snippet:-1, max-image-preview:large, max-video-preview:-1\" \/>\n<link rel=\"canonical\" href=\"https:\/\/www.grantinicamp.lv\/lv\/teritorijas-noteikumi\/\" \/>\n<meta property=\"og:locale\" content=\"lv_LV\" \/>\n<meta property=\"og:type\" content=\"article\" \/>\n<meta property=\"og:title\" content=\"Teritorijas noteikumi\" \/>\n<meta property=\"og:description\" content=\"Zem\u0101k norad\u012btie noteikumi ir sp\u0113k\u0101 vis\u0101 atp\u016btas kompleksa teritorij\u0101 un tie ir saisto\u0161i katram atp\u016btas kompleksa apmekl\u0113t\u0101jam;\" \/>\n<meta property=\"og:url\" content=\"https:\/\/www.grantinicamp.lv\/lv\/teritorijas-noteikumi\/\" \/>\n<meta property=\"article:modified_time\" content=\"2021-06-19T10:28:58+00:00\" \/>\n<meta name=\"twitter:card\" content=\"summary_large_image\" \/>\n<meta name=\"twitter:label1\" content=\"Est. reading time\" \/>\n\t<meta name=\"twitter:data1\" content=\"3 minutes\" \/>\n<script type=\"application\/ld+json\" class=\"yoast-schema-graph\">{\"@context\":\"https:\/\/schema.org\",\"@graph\":[{\"@type\":\"WebPage\",\"@id\":\"https:\/\/www.grantinicamp.lv\/lv\/teritorijas-noteikumi\/\",\"url\":\"https:\/\/www.grantinicamp.lv\/lv\/teritorijas-noteikumi\/\",\"name\":\"Teritorijas noteikumi\",\"isPartOf\":{\"@id\":\"https:\/\/www.grantinicamp.lv\/#website\"},\"datePublished\":\"2021-05-27T11:23:38+00:00\",\"dateModified\":\"2021-06-19T10:28:58+00:00\",\"description\":\"Zem\u0101k norad\u012btie noteikumi ir sp\u0113k\u0101 vis\u0101 atp\u016btas kompleksa teritorij\u0101 un tie ir saisto\u0161i katram atp\u016btas kompleksa apmekl\u0113t\u0101jam;\",\"breadcrumb\":{\"@id\":\"https:\/\/www.grantinicamp.lv\/lv\/teritorijas-noteikumi\/#breadcrumb\"},\"inLanguage\":\"lv-LV\",\"potentialAction\":[{\"@type\":\"ReadAction\",\"target\":[\"https:\/\/www.grantinicamp.lv\/lv\/teritorijas-noteikumi\/\"]}]},{\"@type\":\"BreadcrumbList\",\"@id\":\"https:\/\/www.grantinicamp.lv\/lv\/teritorijas-noteikumi\/#breadcrumb\",\"itemListElement\":[{\"@type\":\"ListItem\",\"position\":1,\"name\":\"Home\",\"item\":\"https:\/\/www.grantinicamp.lv\/lv\/\"},{\"@type\":\"ListItem\",\"position\":2,\"name\":\"Teritorijas noteikumi\"}]},{\"@type\":\"WebSite\",\"@id\":\"https:\/\/www.grantinicamp.lv\/#website\",\"url\":\"https:\/\/www.grantinicamp.lv\/\",\"name\":\"\",\"description\":\"Atp\u016btas kompleks un restor\u0101ns\",\"potentialAction\":[{\"@type\":\"SearchAction\",\"target\":{\"@type\":\"EntryPoint\",\"urlTemplate\":\"https:\/\/www.grantinicamp.lv\/?s={search_term_string}\"},\"query-input\":\"required name=search_term_string\"}],\"inLanguage\":\"lv-LV\"}]}<\/script>\n<!-- \/ Yoast SEO plugin. -->","yoast_head_json":{"title":"Teritorijas noteikumi","description":"Zem\u0101k norad\u012btie noteikumi ir sp\u0113k\u0101 vis\u0101 atp\u016btas kompleksa teritorij\u0101 un tie ir saisto\u0161i katram atp\u016btas kompleksa apmekl\u0113t\u0101jam;","robots":{"index":"index","follow":"follow","max-snippet":"max-snippet:-1","max-image-preview":"max-image-preview:large","max-video-preview":"max-video-preview:-1"},"canonical":"https:\/\/www.grantinicamp.lv\/lv\/teritorijas-noteikumi\/","og_locale":"lv_LV","og_type":"article","og_title":"Teritorijas noteikumi","og_description":"Zem\u0101k norad\u012btie noteikumi ir sp\u0113k\u0101 vis\u0101 atp\u016btas kompleksa teritorij\u0101 un tie ir saisto\u0161i katram atp\u016btas kompleksa apmekl\u0113t\u0101jam;","og_url":"https:\/\/www.grantinicamp.lv\/lv\/teritorijas-noteikumi\/","article_modified_time":"2021-06-19T10:28:58+00:00","twitter_card":"summary_large_image","twitter_misc":{"Est. reading time":"3 minutes"},"schema":{"@context":"https:\/\/schema.org","@graph":[{"@type":"WebPage","@id":"https:\/\/www.grantinicamp.lv\/lv\/teritorijas-noteikumi\/","url":"https:\/\/www.grantinicamp.lv\/lv\/teritorijas-noteikumi\/","name":"Teritorijas noteikumi","isPartOf":{"@id":"https:\/\/www.grantinicamp.lv\/#website"},"datePublished":"2021-05-27T11:23:38+00:00","dateModified":"2021-06-19T10:28:58+00:00","description":"Zem\u0101k norad\u012btie noteikumi ir sp\u0113k\u0101 vis\u0101 atp\u016btas kompleksa teritorij\u0101 un tie ir saisto\u0161i katram atp\u016btas kompleksa apmekl\u0113t\u0101jam;","breadcrumb":{"@id":"https:\/\/www.grantinicamp.lv\/lv\/teritorijas-noteikumi\/#breadcrumb"},"inLanguage":"lv-LV","potentialAction":[{"@type":"ReadAction","target":["https:\/\/www.grantinicamp.lv\/lv\/teritorijas-noteikumi\/"]}]},{"@type":"BreadcrumbList","@id":"https:\/\/www.grantinicamp.lv\/lv\/teritorijas-noteikumi\/#breadcrumb","itemListElement":[{"@type":"ListItem","position":1,"name":"Home","item":"https:\/\/www.grantinicamp.lv\/lv\/"},{"@type":"ListItem","position":2,"name":"Teritorijas noteikumi"}]},{"@type":"WebSite","@id":"https:\/\/www.grantinicamp.lv\/#website","url":"https:\/\/www.grantinicamp.lv\/","name":"","description":"Atp\u016btas kompleks un restor\u0101ns","potentialAction":[{"@type":"SearchAction","target":{"@type":"EntryPoint","urlTemplate":"https:\/\/www.grantinicamp.lv\/?s={search_term_string}"},"query-input":"required name=search_term_string"}],"inLanguage":"lv-LV"}]}},"_links":{"self":[{"href":"https:\/\/www.grantinicamp.lv\/lv\/wp-json\/wp\/v2\/pages\/5469"}],"collection":[{"href":"https:\/\/www.grantinicamp.lv\/lv\/wp-json\/wp\/v2\/pages"}],"about":[{"href":"https:\/\/www.grantinicamp.lv\/lv\/wp-json\/wp\/v2\/types\/page"}],"author":[{"embeddable":true,"href":"https:\/\/www.grantinicamp.lv\/lv\/wp-json\/wp\/v2\/users\/1"}],"replies":[{"embeddable":true,"href":"https:\/\/www.grantinicamp.lv\/lv\/wp-json\/wp\/v2\/comments?post=5469"}],"version-history":[{"count":8,"href":"https:\/\/www.grantinicamp.lv\/lv\/wp-json\/wp\/v2\/pages\/5469\/revisions"}],"predecessor-version":[{"id":7180,"href":"https:\/\/www.grantinicamp.lv\/lv\/wp-json\/wp\/v2\/pages\/5469\/revisions\/7180"}],"wp:attachment":[{"href":"https:\/\/www.grantinicamp.lv\/lv\/wp-json\/wp\/v2\/media?parent=5469"}],"curies":[{"name":"wp","href":"https:\/\/api.w.org\/{rel}","templated":true}]}}