{"id":5923,"date":"2021-06-02T16:44:47","date_gmt":"2021-06-02T13:44:47","guid":{"rendered":"https:\/\/www.grantinicamp.lv\/?page_id=5923"},"modified":"2021-06-17T11:46:58","modified_gmt":"2021-06-17T08:46:58","slug":"meklesanas-rezultati","status":"publish","type":"page","link":"https:\/\/www.grantinicamp.lv\/lv\/meklesanas-rezultati\/","title":{"rendered":"Mekl\u0113\u0161anas rezult\u0101ti"},"content":{"rendered":"\t\t<div data-elementor-type=\"wp-page\" data-elementor-id=\"5923\" class=\"elementor elementor-5923\" data-elementor-post-type=\"page\">\n\t\t\t\t\t\t<section class=\"elementor-section elementor-top-section elementor-element elementor-element-b775283 elementor-section-boxed elementor-section-height-default elementor-section-height-default\" data-id=\"b775283\" data-element_type=\"section\">\n\t\t\t\t\t\t<div class=\"elementor-container elementor-column-gap-default\">\n\t\t\t\t\t<div class=\"elementor-column elementor-col-100 elementor-top-column elementor-element elementor-element-443d408f\" data-id=\"443d408f\" data-element_type=\"column\">\n\t\t\t<div class=\"elementor-widget-wrap elementor-element-populated\">\n\t\t\t\t\t\t<div class=\"elementor-element elementor-element-276a7ee1 elementor-widget elementor-widget-shortcode\" data-id=\"276a7ee1\" data-element_type=\"widget\" data-widget_type=\"shortcode.default\">\n\t\t\t\t<div class=\"elementor-widget-container\">\n\t\t\t\t\t<div class=\"elementor-shortcode\"><div class=\"mphb_sc_search_results-wrapper \"><div class=\"mphb-errors-wrapper\">\n\t<\/div>\n\n<\/div><\/div>\n\t\t\t\t<\/div>\n\t\t\t\t<\/div>\n\t\t\t\t\t<\/div>\n\t\t<\/div>\n\t\t\t\t\t<\/div>\n\t\t<\/section>\n\t\t\t\t<\/div>\n\t\t","protected":false},"excerpt":{"rendered":"","protected":false},"author":1,"featured_media":0,"parent":0,"menu_order":0,"comment_status":"closed","ping_status":"closed","template":"elementor_header_footer","meta":[],"yoast_head":"<!-- This site is optimized with the Yoast SEO plugin v20.2.1 - https:\/\/yoast.com\/wordpress\/plugins\/seo\/ -->\n<title>Mekl\u0113\u0161anas rezult\u0101ti<\/title>\n<meta name=\"robots\" content=\"index, follow, max-snippet:-1, max-image-preview:large, max-video-preview:-1\" \/>\n<link rel=\"canonical\" href=\"https:\/\/www.grantinicamp.lv\/lv\/meklesanas-rezultati\/\" \/>\n<meta property=\"og:locale\" content=\"lv_LV\" \/>\n<meta property=\"og:type\" content=\"article\" \/>\n<meta property=\"og:title\" content=\"Mekl\u0113\u0161anas rezult\u0101ti\" \/>\n<meta property=\"og:url\" content=\"https:\/\/www.grantinicamp.lv\/lv\/meklesanas-rezultati\/\" \/>\n<meta property=\"article:modified_time\" content=\"2021-06-17T08:46:58+00:00\" \/>\n<meta name=\"twitter:card\" content=\"summary_large_image\" \/>\n<script type=\"application\/ld+json\" class=\"yoast-schema-graph\">{\"@context\":\"https:\/\/schema.org\",\"@graph\":[{\"@type\":\"WebPage\",\"@id\":\"https:\/\/www.grantinicamp.lv\/lv\/meklesanas-rezultati\/\",\"url\":\"https:\/\/www.grantinicamp.lv\/lv\/meklesanas-rezultati\/\",\"name\":\"Mekl\u0113\u0161anas rezult\u0101ti\",\"isPartOf\":{\"@id\":\"https:\/\/www.grantinicamp.lv\/#website\"},\"datePublished\":\"2021-06-02T13:44:47+00:00\",\"dateModified\":\"2021-06-17T08:46:58+00:00\",\"breadcrumb\":{\"@id\":\"https:\/\/www.grantinicamp.lv\/lv\/meklesanas-rezultati\/#breadcrumb\"},\"inLanguage\":\"lv-LV\",\"potentialAction\":[{\"@type\":\"ReadAction\",\"target\":[\"https:\/\/www.grantinicamp.lv\/lv\/meklesanas-rezultati\/\"]}]},{\"@type\":\"BreadcrumbList\",\"@id\":\"https:\/\/www.grantinicamp.lv\/lv\/meklesanas-rezultati\/#breadcrumb\",\"itemListElement\":[{\"@type\":\"ListItem\",\"position\":1,\"name\":\"Home\",\"item\":\"https:\/\/www.grantinicamp.lv\/lv\/\"},{\"@type\":\"ListItem\",\"position\":2,\"name\":\"Mekl\u0113\u0161anas rezult\u0101ti\"}]},{\"@type\":\"WebSite\",\"@id\":\"https:\/\/www.grantinicamp.lv\/#website\",\"url\":\"https:\/\/www.grantinicamp.lv\/\",\"name\":\"\",\"description\":\"Atp\u016btas kompleks un restor\u0101ns\",\"potentialAction\":[{\"@type\":\"SearchAction\",\"target\":{\"@type\":\"EntryPoint\",\"urlTemplate\":\"https:\/\/www.grantinicamp.lv\/?s={search_term_string}\"},\"query-input\":\"required name=search_term_string\"}],\"inLanguage\":\"lv-LV\"}]}<\/script>\n<!-- \/ Yoast SEO plugin. -->","yoast_head_json":{"title":"Mekl\u0113\u0161anas rezult\u0101ti","robots":{"index":"index","follow":"follow","max-snippet":"max-snippet:-1","max-image-preview":"max-image-preview:large","max-video-preview":"max-video-preview:-1"},"canonical":"https:\/\/www.grantinicamp.lv\/lv\/meklesanas-rezultati\/","og_locale":"lv_LV","og_type":"article","og_title":"Mekl\u0113\u0161anas rezult\u0101ti","og_url":"https:\/\/www.grantinicamp.lv\/lv\/meklesanas-rezultati\/","article_modified_time":"2021-06-17T08:46:58+00:00","twitter_card":"summary_large_image","schema":{"@context":"https:\/\/schema.org","@graph":[{"@type":"WebPage","@id":"https:\/\/www.grantinicamp.lv\/lv\/meklesanas-rezultati\/","url":"https:\/\/www.grantinicamp.lv\/lv\/meklesanas-rezultati\/","name":"Mekl\u0113\u0161anas rezult\u0101ti","isPartOf":{"@id":"https:\/\/www.grantinicamp.lv\/#website"},"datePublished":"2021-06-02T13:44:47+00:00","dateModified":"2021-06-17T08:46:58+00:00","breadcrumb":{"@id":"https:\/\/www.grantinicamp.lv\/lv\/meklesanas-rezultati\/#breadcrumb"},"inLanguage":"lv-LV","potentialAction":[{"@type":"ReadAction","target":["https:\/\/www.grantinicamp.lv\/lv\/meklesanas-rezultati\/"]}]},{"@type":"BreadcrumbList","@id":"https:\/\/www.grantinicamp.lv\/lv\/meklesanas-rezultati\/#breadcrumb","itemListElement":[{"@type":"ListItem","position":1,"name":"Home","item":"https:\/\/www.grantinicamp.lv\/lv\/"},{"@type":"ListItem","position":2,"name":"Mekl\u0113\u0161anas rezult\u0101ti"}]},{"@type":"WebSite","@id":"https:\/\/www.grantinicamp.lv\/#website","url":"https:\/\/www.grantinicamp.lv\/","name":"","description":"Atp\u016btas kompleks un restor\u0101ns","potentialAction":[{"@type":"SearchAction","target":{"@type":"EntryPoint","urlTemplate":"https:\/\/www.grantinicamp.lv\/?s={search_term_string}"},"query-input":"required name=search_term_string"}],"inLanguage":"lv-LV"}]}},"_links":{"self":[{"href":"https:\/\/www.grantinicamp.lv\/lv\/wp-json\/wp\/v2\/pages\/5923"}],"collection":[{"href":"https:\/\/www.grantinicamp.lv\/lv\/wp-json\/wp\/v2\/pages"}],"about":[{"href":"https:\/\/www.grantinicamp.lv\/lv\/wp-json\/wp\/v2\/types\/page"}],"author":[{"embeddable":true,"href":"https:\/\/www.grantinicamp.lv\/lv\/wp-json\/wp\/v2\/users\/1"}],"replies":[{"embeddable":true,"href":"https:\/\/www.grantinicamp.lv\/lv\/wp-json\/wp\/v2\/comments?post=5923"}],"version-history":[{"count":1,"href":"https:\/\/www.grantinicamp.lv\/lv\/wp-json\/wp\/v2\/pages\/5923\/revisions"}],"predecessor-version":[{"id":5924,"href":"https:\/\/www.grantinicamp.lv\/lv\/wp-json\/wp\/v2\/pages\/5923\/revisions\/5924"}],"wp:attachment":[{"href":"https:\/\/www.grantinicamp.lv\/lv\/wp-json\/wp\/v2\/media?parent=5923"}],"curies":[{"name":"wp","href":"https:\/\/api.w.org\/{rel}","templated":true}]}}